{"id":11694,"date":"2025-04-01T05:59:40","date_gmt":"2025-04-01T05:59:40","guid":{"rendered":"https:\/\/hw54cbngfn.preview.infomaniak.website\/publications\/news-notes\/"},"modified":"2025-04-08T05:28:25","modified_gmt":"2025-04-08T05:28:25","slug":"news-notes","status":"publish","type":"page","link":"https:\/\/pourlasolidarite.eu\/en\/publications\/news-notes\/","title":{"rendered":"News notes"},"content":{"rendered":"\t\t<div data-elementor-type=\"wp-page\" data-elementor-id=\"11694\" class=\"elementor elementor-11694 elementor-11408\" data-elementor-post-type=\"page\">\n\t\t\t\t<div class=\"elementor-element elementor-element-3587eee e-flex e-con-boxed e-con e-child\" data-id=\"3587eee\" data-element_type=\"container\" data-e-type=\"container\" data-settings=\"{&quot;background_background&quot;:&quot;classic&quot;}\">\n\t\t\t\t\t<div class=\"e-con-inner\">\n\t\t\t\t<div class=\"elementor-element elementor-element-604b985 elementor-widget__width-auto elementor-widget elementor-widget-n-accordion\" data-id=\"604b985\" data-element_type=\"widget\" data-e-type=\"widget\" data-settings=\"{&quot;default_state&quot;:&quot;all_collapsed&quot;,&quot;max_items_expended&quot;:&quot;one&quot;,&quot;n_accordion_animation_duration&quot;:{&quot;unit&quot;:&quot;ms&quot;,&quot;size&quot;:400,&quot;sizes&quot;:[]}}\" data-widget_type=\"nested-accordion.default\">\n\t\t\t\t\t\t\t<div class=\"e-n-accordion\" aria-label=\"Accordion. Open links with Enter or Space, close with Escape, and navigate with Arrow Keys\">\n\t\t\t\t\t\t<details id=\"e-n-accordion-item-1000\" class=\"e-n-accordion-item\" >\n\t\t\t\t<summary class=\"e-n-accordion-item-title\" data-accordion-index=\"1\" tabindex=\"0\" aria-expanded=\"false\" aria-controls=\"e-n-accordion-item-1000\" >\n\t\t\t\t\t<span class='e-n-accordion-item-title-header'><div class=\"e-n-accordion-item-title-text\"> Filter by thematic <\/div><\/span>\n\t\t\t\t\t\t\t<span class='e-n-accordion-item-title-icon'>\n\t\t\t<span class='e-opened' ><i aria-hidden=\"true\" class=\"iconpls icon-plsminus\"><\/i><\/span>\n\t\t\t<span class='e-closed'><i aria-hidden=\"true\" class=\"iconpls icon-plsplus\"><\/i><\/span>\n\t\t<\/span>\n\n\t\t\t\t\t\t<\/summary>\n\t\t\t\t<div role=\"region\" aria-labelledby=\"e-n-accordion-item-1000\" class=\"elementor-element elementor-element-df76df1 e-con-full e-flex e-con e-child\" data-id=\"df76df1\" data-element_type=\"container\" data-e-type=\"container\" data-settings=\"{&quot;background_background&quot;:&quot;classic&quot;}\">\n\t\t\t\t<div class=\"elementor-element elementor-element-63753db elementor-widget elementor-widget-taxonomy-filter\" data-id=\"63753db\" data-element_type=\"widget\" data-e-type=\"widget\" data-settings=\"{&quot;taxonomy&quot;:&quot;thematics&quot;,&quot;selected_element&quot;:&quot;722a68f&quot;,&quot;multiple_selection&quot;:&quot;no&quot;}\" data-widget_type=\"taxonomy-filter.default\">\n\t\t\t\t\t\t\t<search class=\"e-filter\" role=\"search\" data-base-url=\"https:\/\/pourlasolidarite.eu\/en\/\" data-page-num=\"1\">\n\t\t\t\t\t\t\t<button class=\"e-filter-item\" data-filter=\"citizen-participation\" aria-pressed=\"false\">Citizen participation<\/button>\n\t\t\t\t\t\t\t<button class=\"e-filter-item\" data-filter=\"csr-diversity\" aria-pressed=\"false\">CSR &amp; diversity<\/button>\n\t\t\t\t\t\t\t<button class=\"e-filter-item\" data-filter=\"social-affairs\" aria-pressed=\"false\">Social affairs<\/button>\n\t\t\t\t\t\t\t<button class=\"e-filter-item\" data-filter=\"social-economy\" aria-pressed=\"false\">Social economy<\/button>\n\t\t\t\t\t\t\t<button class=\"e-filter-item\" data-filter=\"sustainable-development\" aria-pressed=\"false\">Sustainable development<\/button>\n\t\t\t\n\t\t\t\t\t\t\t\t\t<button class=\"e-filter-item\" data-filter=\"__all\" aria-pressed=\"true\">\n\t\t\t\tAll\t\t\t<\/button>\n\t\t\t\t\t<\/search>\n\t\t\t\t\t\t<\/div>\n\t\t\t\t<\/div>\n\t\t\t\t\t<\/details>\n\t\t\t\t\t<\/div>\n\t\t\t\t\t\t<\/div>\n\t\t\t\t\t<\/div>\n\t\t\t\t<\/div>\n\t\t<div class=\"elementor-element elementor-element-e6c4830 e-flex e-con-boxed e-con e-parent\" data-id=\"e6c4830\" data-element_type=\"container\" data-e-type=\"container\">\n\t\t\t\t\t<div class=\"e-con-inner\">\n\t\t\t\t<div class=\"elementor-element elementor-element-722a68f elementor-grid-3 elementor-grid-tablet-2 elementor-grid-mobile-1 elementor-widget elementor-widget-loop-grid\" data-id=\"722a68f\" data-element_type=\"widget\" data-e-type=\"widget\" data-settings=\"{&quot;template_id&quot;:11736,&quot;columns&quot;:3,&quot;pagination_type&quot;:&quot;load_more_on_click&quot;,&quot;row_gap&quot;:{&quot;unit&quot;:&quot;px&quot;,&quot;size&quot;:40,&quot;sizes&quot;:[]},&quot;_skin&quot;:&quot;post&quot;,&quot;columns_tablet&quot;:&quot;2&quot;,&quot;columns_mobile&quot;:&quot;1&quot;,&quot;edit_handle_selector&quot;:&quot;[data-elementor-type=\\&quot;loop-item\\&quot;]&quot;,&quot;load_more_spinner&quot;:{&quot;value&quot;:&quot;fas fa-spinner&quot;,&quot;library&quot;:&quot;fa-solid&quot;},&quot;row_gap_widescreen&quot;:{&quot;unit&quot;:&quot;px&quot;,&quot;size&quot;:&quot;&quot;,&quot;sizes&quot;:[]},&quot;row_gap_tablet&quot;:{&quot;unit&quot;:&quot;px&quot;,&quot;size&quot;:&quot;&quot;,&quot;sizes&quot;:[]},&quot;row_gap_mobile&quot;:{&quot;unit&quot;:&quot;px&quot;,&quot;size&quot;:&quot;&quot;,&quot;sizes&quot;:[]}}\" data-widget_type=\"loop-grid.post\">\n\t\t\t\t<div class=\"elementor-widget-container\">\n\t\t\t\t\t\t\t<div class=\"e-loop-nothing-found-message\">\n\t\t<\/div>\n\t\t\t\t\t\t<\/div>\n\t\t\t\t<\/div>\n\t\t\t\t\t<\/div>\n\t\t\t\t<\/div>\n\t\t\t\t<\/div>\n\t\t","protected":false},"excerpt":{"rendered":"<p>Filter by thematic Affaires sociales D\u00e9veloppement durable \u00c9conomie sociale Offre d&#039;emploi PLS Offre de stage PLS Participation citoyenne RSE &amp; diversit\u00e9 All Affaires sociales D\u00e9veloppement durable \u00c9conomie sociale Offre d&#039;emploi PLS Offre de stage PLS Participation citoyenne RSE &amp; diversit\u00e9 All<\/p>\n","protected":false},"author":1,"featured_media":0,"parent":11686,"menu_order":0,"comment_status":"closed","ping_status":"closed","template":"","meta":{"_acf_changed":false,"_crsspst_to_hw54cbnnavpreviewinfomaniakwebsite":false,"_crsspst_to_hw54cbnnbbpreviewinfomaniakwebsite":false,"_crsspst_to_hw54cbnnbdpreviewinfomaniakwebsite":false,"footnotes":""},"thematics":[],"class_list":["post-11694","page","type-page","status-publish","hentry"],"acf":{"title_field":"","content_resume":"<p class=\"p1\">Discover our News Notes collection, a shorter, more concise format to ensure greater reactivity to European news.<\/p>","image_news":"","content_link":"","couleur_dominante":"#393E44"},"_links":{"self":[{"href":"https:\/\/pourlasolidarite.eu\/en\/wp-json\/wp\/v2\/pages\/11694","targetHints":{"allow":["GET"]}}],"collection":[{"href":"https:\/\/pourlasolidarite.eu\/en\/wp-json\/wp\/v2\/pages"}],"about":[{"href":"https:\/\/pourlasolidarite.eu\/en\/wp-json\/wp\/v2\/types\/page"}],"author":[{"embeddable":true,"href":"https:\/\/pourlasolidarite.eu\/en\/wp-json\/wp\/v2\/users\/1"}],"replies":[{"embeddable":true,"href":"https:\/\/pourlasolidarite.eu\/en\/wp-json\/wp\/v2\/comments?post=11694"}],"version-history":[{"count":1,"href":"https:\/\/pourlasolidarite.eu\/en\/wp-json\/wp\/v2\/pages\/11694\/revisions"}],"predecessor-version":[{"id":11695,"href":"https:\/\/pourlasolidarite.eu\/en\/wp-json\/wp\/v2\/pages\/11694\/revisions\/11695"}],"up":[{"embeddable":true,"href":"https:\/\/pourlasolidarite.eu\/en\/wp-json\/wp\/v2\/pages\/11686"}],"wp:attachment":[{"href":"https:\/\/pourlasolidarite.eu\/en\/wp-json\/wp\/v2\/media?parent=11694"}],"wp:term":[{"taxonomy":"thematics","embeddable":true,"href":"https:\/\/pourlasolidarite.eu\/en\/wp-json\/wp\/v2\/thematics?post=11694"}],"curies":[{"name":"wp","href":"https:\/\/api.w.org\/{rel}","templated":true}]}}